{"id":280,"date":"2026-01-20T18:00:30","date_gmt":"2026-01-20T18:00:30","guid":{"rendered":"https:\/\/creatus.net\/index.php\/privacy-policy\/"},"modified":"2026-02-05T13:34:50","modified_gmt":"2026-02-05T13:34:50","slug":"privacy-policy","status":"publish","type":"page","link":"https:\/\/creatus.net\/it\/privacy-policy\/","title":{"rendered":"Privacy"},"content":{"rendered":"\n<h2 class=\"wp-block-heading\">Who we are<\/h2>\n\n\n<p><strong class=\"privacy-policy-tutorial\">Suggested text: <\/strong>Our website address is: https:\/\/creatus.net.<\/p>\n\n\n<h2 class=\"wp-block-heading\">Comments<\/h2>\n\n\n<p><strong class=\"privacy-policy-tutorial\">Suggested text: <\/strong>When visitors leave comments on the site we collect the data shown in the comments form, and also the visitor&#8217;s IP address and browser user agent string to help spam detection.<\/p>\n\n\n<p>An anonymized string created from your email address (also called a hash) may be provided to the Gravatar service to see if you are using it. The Gravatar service privacy policy is available here: https:\/\/automattic.com\/privacy\/. After approval of your comment, your profile picture is visible to the public in the context of your comment.<\/p>\n\n\n<h2 class=\"wp-block-heading\">Media<\/h2>\n\n\n<p><strong class=\"privacy-policy-tutorial\">Suggested text: <\/strong>If you upload images to the website, you should avoid uploading images with embedded location data (EXIF GPS) included. Visitors to the website can download and extract any location data from images on the website.<\/p>\n\n\n<h2 class=\"wp-block-heading\">Cookies<\/h2>\n\n\n<p><strong class=\"privacy-policy-tutorial\">Suggested text: <\/strong>If you leave a comment on our site you may opt-in to saving your name, email address and website in cookies. These are for your convenience so that you do not have to fill in your details again when you leave another comment. These cookies will last for one year.<\/p>\n\n\n<p>If you visit our login page, we will set a temporary cookie to determine if your browser accepts cookies. This cookie contains no personal data and is discarded when you close your browser.<\/p>\n\n\n<p>When you log in, we will also set up several cookies to save your login information and your screen display choices. Login cookies last for two days, and screen options cookies last for a year. If you select &quot;Remember Me&quot;, your login will persist for two weeks. If you log out of your account, the login cookies will be removed.<\/p>\n\n\n<p>If you edit or publish an article, an additional cookie will be saved in your browser. This cookie includes no personal data and simply indicates the post ID of the article you just edited. It expires after 1 day.<\/p>\n\n\n<h2 class=\"wp-block-heading\">Embedded content from other websites<\/h2>\n\n\n<p><strong class=\"privacy-policy-tutorial\">Suggested text: <\/strong>Articles on this site may include embedded content (e.g. videos, images, articles, etc.). Embedded content from other websites behaves in the exact same way as if the visitor has visited the other website.<\/p>\n\n\n<p>These websites may collect data about you, use cookies, embed additional third-party tracking, and monitor your interaction with that embedded content, including tracking your interaction with the embedded content if you have an account and are logged in to that website.<\/p>\n\n\n<h2 class=\"wp-block-heading\">Who we share your data with<\/h2>\n\n\n<p><strong class=\"privacy-policy-tutorial\">Suggested text: <\/strong>If you request a password reset, your IP address will be included in the reset email.<\/p>\n\n\n<h2 class=\"wp-block-heading\">How long we retain your data<\/h2>\n\n\n<p><strong class=\"privacy-policy-tutorial\">Suggested text: <\/strong>If you leave a comment, the comment and its metadata are retained indefinitely. This is so we can recognize and approve any follow-up comments automatically instead of holding them in a moderation queue.<\/p>\n\n\n<p>For users that register on our website (if any), we also store the personal information they provide in their user profile. All users can see, edit, or delete their personal information at any time (except they cannot change their username). Website administrators can also see and edit that information.<\/p>\n\n\n<h2 class=\"wp-block-heading\">What rights you have over your data<\/h2>\n\n\n<p><strong class=\"privacy-policy-tutorial\">Suggested text: <\/strong>If you have an account on this site, or have left comments, you can request to receive an exported file of the personal data we hold about you, including any data you have provided to us. You can also request that we erase any personal data we hold about you. This does not include any data we are obliged to keep for administrative, legal, or security purposes.<\/p>\n\n\n<h2 class=\"wp-block-heading\">Where your data is sent<\/h2>\n\n\n<p><strong class=\"privacy-policy-tutorial\">Suggested text: <\/strong>Visitor comments may be checked through an automated spam detection service.<\/p>\n\n","protected":false},"excerpt":{"rendered":"<p>Who we are Suggested text: Our website address is: https:\/\/creatus.net. Comments Suggested text: When visitors leave comments on the site we collect the data shown in the comments form, and also the visitor&#8217;s IP address and browser user agent string to help spam detection. An anonymized string created from your email address (also called a [&hellip;]<\/p>\n","protected":false},"author":1,"featured_media":0,"parent":0,"menu_order":0,"comment_status":"closed","ping_status":"closed","template":"","meta":{"_acf_changed":false,"footnotes":""},"class_list":["post-280","page","type-page","status-publish","hentry"],"acf":{"flexible_inhalte":[{"acf_fc_layout":"content_einspaltig","content_einspaltig":{"settings":{"farben":"normal","paddings":{"padding_oben":"smallTop","padding_unten":"mediumBottom"},"effekte":false},"ausrichtungen":{"desktop":{"text":"links"},"mobil":{"text":"links"}},"settings_einspaltig":"ganze","uberschrift":"Informativa sulla privacy","unteruberschrift":"","text":"<h2>Introduzione<\/h2>\r\nLa protezione dei vostri dati personali \u00e8 per noi particolarmente importante. Trattiamo quindi i vostri dati esclusivamente sulla base delle disposizioni di legge (GDPR, TKG 2003). Nella presente informativa sulla protezione dei dati vi informiamo sugli aspetti pi\u00f9 importanti del trattamento dei dati nell'ambito del nostro sito web.\r\n&nbsp;\r\n<h2>Responsabile ai sensi del GDPR + dati di contatto<\/h2>\r\nIl responsabile del trattamento dei dati su questo sito web \u00e8:\r\n&nbsp;\r\nCreatus GmbH\r\nHandwerkerzone 14\r\nI-39052 Kaltern (BZ)\r\n<strong>Tel.<\/strong> <a href=\"tel:+39 0471 968600\" target=\"_blank\" rel=\"noopener\">+39 0471 968600<\/a>\r\n<strong>E-Mail:<\/strong> <a href=\"mailto:info@creatus.it\" target=\"_blank\" rel=\"noopener\">info@creatus.it<\/a>\r\n<strong>PEC:<\/strong> <a href=\"mailto:info@pec.niederbacher.it\" target=\"_blank\" rel=\"noopener\">info@pec.niederbacher.it<\/a>\r\n<strong>Internet:<\/strong> <a href=\"http:\/\/www.creatus.it\" target=\"_blank\" rel=\"noopener\">www.creatus.it<\/a>\r\n&nbsp;\r\n&nbsp;\r\n<h2>Durata di conservazione<\/h2>\r\nSe nella presente informativa sulla privacy non \u00e8 stato specificato un periodo di conservazione pi\u00f9 specifico, i vostri dati personali rimarranno presso di noi fino a quando non verr\u00e0 meno lo scopo del trattamento dei dati. Se l'utente presenta una richiesta di cancellazione legittima o revoca il consenso al trattamento dei dati, i suoi dati saranno cancellati, a meno che non sussistano altri motivi legalmente ammessi per la conservazione dei suoi dati personali (ad es. termini di conservazione previsti dal diritto tributario o commerciale); in quest'ultimo caso, la cancellazione avverr\u00e0 dopo la cessazione di tali motivi.\r\n&nbsp;\r\n&nbsp;\r\n<h2>Utilizzo dei dati<\/h2>\r\nTrattiamo i vostri dati principalmente per l'elaborazione della vostra richiesta.\r\n&nbsp;\r\nUn'altra parte dei dati viene raccolta per garantire il corretto funzionamento del sito web. Altri dati possono essere utilizzati per analizzare il comportamento degli utenti.\r\n&nbsp;\r\n<h3>Crittografia SSL o TLS<\/h3>\r\nPer motivi di sicurezza e per proteggere la trasmissione di contenuti riservati, come ad esempio ordini o richieste che ci inviate in qualit\u00e0 di gestori del sito, questa pagina utilizza la crittografia SSL o TLS. \u00c8 possibile riconoscere una connessione crittografata dal fatto che la barra degli indirizzi del browser passa da \u201chttp:\/\/\u201d a \u201chttps:\/\/\u201d e dal simbolo del lucchetto nella barra del browser.\r\nSe la crittografia SSL o TLS \u00e8 attivata, i dati che ci trasmettete non possono essere letti da terzi.\r\n&nbsp;\r\n&nbsp;\r\n<h2>I tuoi diritti<\/h2>\r\nIn linea di principio, avete diritto all'informazione, alla rettifica, alla cancellazione, alla limitazione, alla portabilit\u00e0 dei dati, alla revoca e all'opposizione. Se ritenete che il trattamento dei vostri dati violi la legge sulla protezione dei dati o che i vostri diritti in materia di protezione dei dati siano stati violati in altro modo, potete presentare un reclamo all'autorit\u00e0 di controllo. In Austria si tratta della <a href=\"https:\/\/dsb.gv.at\/\" target=\"_blank\" rel=\"noopener\">autorit\u00e0 garante della protezione dei dati<\/a>.\r\n&nbsp;\r\n&nbsp;\r\n<h2>Raccolta dei dati su questo sito web<\/h2>\r\nContatto tramite modulo ed e-mail\r\nSe ci contattate tramite il modulo sul sito web o via e-mail, i dati da voi forniti saranno da noi conservati per l'elaborazione della richiesta e per eventuali domande successive [durata della conservazione dei dati]. Non trasmetteremo questi dati senza il vostro consenso.\r\n&nbsp;\r\n<h3>Cookies<\/h3>\r\nIl nostro sito web non utilizza i cosiddetti cookie.\r\n&nbsp;\r\n<h3>Analisi web (Matomo)<\/h3>\r\nUtilizziamo Matomo per analizzare il traffico del nostro sito web. Gli ultimi due byte del vostro indirizzo IP vengono resi anonimi prima di essere memorizzati. Inoltre, non utilizziamo cookie. Questi dati analitici vengono memorizzati esclusivamente sul server da noi indicato e non vengono trasmessi a terzi.\r\n&nbsp;\r\nMatomo raccoglie i seguenti dati:\r\n<ul>\r\n<li>Indirizzo IP<\/li>\r\n<li>Data e ora della visita al sito web<\/li>\r\n<li>Titolo e URL della pagina visitata<\/li>\r\n<li>Referrer URL<\/li>\r\n<li>Risoluzione dello schermo<\/li>\r\n<li>Fuso orario<\/li>\r\n<li>file scaricati dall'utente<\/li>\r\n<li>link esterni cliccati<\/li>\r\n<li>Paese del visitatore<\/li>\r\n<li>Lingua del browser utilizzato<\/li>\r\n<li>Agente utente<\/li>\r\n<\/ul>\r\n&nbsp;\r\n&nbsp;\r\n<h3>Provider di hosting<\/h3>\r\nQuesto sito web \u00e8 ospitato esternamente. I dati personali raccolti su questo sito web vengono memorizzati sui server dell'host\/degli host. Si tratta principalmente di indirizzi IP, richieste di contatto, metadati e dati di comunicazione, dati di contatto, nomi, accessi al sito web e altri dati generati tramite un sito web.\r\n&nbsp;\r\nL'hosting esterno viene effettuato allo scopo di adempiere al contratto nei confronti dei nostri clienti potenziali ed esistenti e nell'interesse di una fornitura sicura, rapida ed efficiente della nostra offerta online da parte di un fornitore professionale (art. 6 comma 1 lett. f GDPR). Se \u00e8 stato richiesto il relativo consenso, il trattamento avviene esclusivamente sulla base dell'art. 6 comma 1 lett. a GDPR. Il consenso \u00e8 revocabile in qualsiasi momento.\r\n&nbsp;\r\nIl nostro\/i nostri host elaborer\u00e0\/elaboreranno i vostri dati solo nella misura necessaria all'adempimento dei propri obblighi di prestazione e seguir\u00e0\/seguiranno le nostre istruzioni relative a tali dati.\r\n&nbsp;\r\nCi affidiamo al seguente provider di hosting:\r\nhoferdigital gmbh\r\nKirchen, Oberau 510 \u2013 6311 Wildsch\u00f6nau \u2013 Austria\r\nTelefon: +43 5339 20144\r\nE-Mail:\u00a0<a href=\"mailto:info@hoferdigital.at\">info@hoferdigital.at<\/a>\r\n&nbsp;\r\n&nbsp;\r\n<h3>Contenuti incorporati da altri siti web<\/h3>\r\nQuesto sito web utilizza servizi di terze parti per poterti offrire tutte le funzionalit\u00e0. Nello specifico, i contenuti di Facebook sono integrati nel nostro sito web. Tuttavia, questi vengono visualizzati solo previo consenso da parte tua. Tale consenso pu\u00f2 essere revocato in qualsiasi momento cliccando sul link \u201cImpostazioni cookie\u201d nella parte inferiore del sito web.","button":null}},{"acf_fc_layout":"grosses_bild","big_picture":{"settings":{"farben":"normal","paddings":{"padding_oben":"smallTop","padding_unten":"smallBottom"},"effekte":false},"settings_bildelement":{"breite":"vollbild","breite_mobil":""},"bild":206,"bild_mobil":null}}]},"_links":{"self":[{"href":"https:\/\/creatus.net\/it\/wp-json\/wp\/v2\/pages\/280","targetHints":{"allow":["GET"]}}],"collection":[{"href":"https:\/\/creatus.net\/it\/wp-json\/wp\/v2\/pages"}],"about":[{"href":"https:\/\/creatus.net\/it\/wp-json\/wp\/v2\/types\/page"}],"author":[{"embeddable":true,"href":"https:\/\/creatus.net\/it\/wp-json\/wp\/v2\/users\/1"}],"replies":[{"embeddable":true,"href":"https:\/\/creatus.net\/it\/wp-json\/wp\/v2\/comments?post=280"}],"version-history":[{"count":8,"href":"https:\/\/creatus.net\/it\/wp-json\/wp\/v2\/pages\/280\/revisions"}],"predecessor-version":[{"id":318,"href":"https:\/\/creatus.net\/it\/wp-json\/wp\/v2\/pages\/280\/revisions\/318"}],"wp:attachment":[{"href":"https:\/\/creatus.net\/it\/wp-json\/wp\/v2\/media?parent=280"}],"curies":[{"name":"wp","href":"https:\/\/api.w.org\/{rel}","templated":true}]}}